{"id":112,"date":"2024-03-11T14:13:49","date_gmt":"2024-03-11T13:13:49","guid":{"rendered":"https:\/\/epistemy-wordings.net\/?page_id=112"},"modified":"2025-05-16T23:28:08","modified_gmt":"2025-05-16T21:28:08","slug":"appropriez-vous-les-adorables-connaissances-scientifiques","status":"publish","type":"page","link":"https:\/\/epistemy-wordings.net\/index.php\/fr\/appropriez-vous-les-adorables-connaissances-scientifiques\/","title":{"rendered":"Accueil"},"content":{"rendered":"\n<div class=\"wp-block-cover alignfull is-light\" style=\"min-height:720px\"><span aria-hidden=\"true\" class=\"wp-block-cover__background has-background-dim-100 has-background-dim has-background-gradient\" style=\"background:linear-gradient(35deg,rgb(6,0,151) 0%,rgb(130,4,255) 73%,rgb(193,15,255) 100%)\"><\/span><div class=\"wp-block-cover__inner-container is-layout-flow wp-block-cover-is-layout-flow\">\n<div class=\"inherit-container-width wp-block-group alignwide is-layout-constrained wp-block-group-is-layout-constrained\">\n<div class=\"wp-block-media-text alignwide has-media-on-the-right is-stacked-on-mobile is-vertically-aligned-center\" style=\"grid-template-columns:auto 43%\"><div class=\"wp-block-media-text__content\">\n<h1 class=\"wp-block-heading has-text-align-left has-white-color has-text-color has-x-large-font-size\">Epistemy Wordings<\/h1>\n\n\n\n<p><em>Site internet version Beta 1.0<\/em><\/p>\n\n\n\n<p class=\"has-pale-cyan-blue-color has-text-color has-link-color wp-elements-deeee1edad1f6e7c42f4e73c086a8c16\"><a href=\"https:\/\/picrew.me\/en\/image_maker\/2059009\" title=\"\">A<\/a><a href=\"https:\/\/picrew.me\/en\/image_maker\/2059009\" target=\"_blank\" rel=\"noopener\" title=\"\">utoportrait r\u00e9alis\u00e9 grace \u00e0 7_Sen<\/a><\/p>\n<\/div><figure class=\"wp-block-media-text__media\"><img fetchpriority=\"high\" decoding=\"async\" width=\"600\" height=\"600\" src=\"https:\/\/epistemy-wordings.net\/wp-content\/uploads\/2024\/02\/JBC-1.png\" alt=\"\" class=\"wp-image-29 size-full\" srcset=\"https:\/\/epistemy-wordings.net\/wp-content\/uploads\/2024\/02\/JBC-1.png 600w, https:\/\/epistemy-wordings.net\/wp-content\/uploads\/2024\/02\/JBC-1-300x300.png 300w, https:\/\/epistemy-wordings.net\/wp-content\/uploads\/2024\/02\/JBC-1-150x150.png 150w\" sizes=\"(max-width: 600px) 100vw, 600px\" \/><\/figure><\/div>\n<\/div>\n<\/div><\/div>\n\n\n\n<div class=\"wp-block-group alignfull has-ast-global-color-5-background-color has-background is-layout-constrained wp-container-core-group-layout-2 wp-block-group-is-layout-constrained\" style=\"padding-bottom:0px\">\n<div class=\"wp-block-columns are-vertically-aligned-top is-layout-flex wp-container-core-columns-layout-1 wp-block-columns-is-layout-flex\">\n<div class=\"wp-block-column is-vertically-aligned-top is-layout-flow wp-container-core-column-layout-1 wp-block-column-is-layout-flow\">\n<figure class=\"wp-block-image size-large\"><img decoding=\"async\" src=\"https:\/\/epistemy-wordings.net\/wp-content\/themes\/astra\/inc\/assets\/images\/starter-content\/portfolio.svg\" alt=\"\" class=\"wp-image-137\"\/><\/figure>\n\n\n\n<h3 class=\"wp-block-heading has-text-align-left\" style=\"margin-top:16px\">Portfolio<\/h3>\n\n\n\n<p class=\"has-text-align-left\"><a href=\"https:\/\/epistemy-wordings.net\/index.php\/fr\/2024\/03\/11\/portfolio-fr\/\" target=\"_blank\" rel=\"noopener\" title=\"\">Si vous souhaitez voir mon portfolio!<\/a><\/p>\n<\/div>\n\n\n\n<div class=\"wp-block-column is-vertically-aligned-top is-layout-flow wp-container-core-column-layout-2 wp-block-column-is-layout-flow\">\n<figure class=\"wp-block-image size-large\"><img decoding=\"async\" src=\"https:\/\/epistemy-wordings.net\/wp-content\/themes\/astra\/inc\/assets\/images\/starter-content\/blog.svg\" alt=\"\" class=\"wp-image-136\"\/><\/figure>\n\n\n\n<h3 class=\"wp-block-heading has-text-align-left\" style=\"margin-top:16px\">CV<\/h3>\n\n\n\n<p class=\"has-text-align-left\"><a href=\"https:\/\/epistemy-wordings.net\/index.php\/fr\/cv\/\" target=\"_blank\" rel=\"noopener\" title=\"\">Un CV pour me conna\u00eetre!<\/a><\/p>\n<\/div>\n<\/div>\n<\/div>\n\n\n\n<p> <\/p>\n\n\n\n<div class=\"wp-block-group alignfull is-layout-constrained wp-container-core-group-layout-3 wp-block-group-is-layout-constrained\" id=\"services\" style=\"padding-top:144px;padding-bottom:0px\">\n<h2 class=\"wp-block-heading\">Mon travail<\/h2>\n\n\n\n<div class=\"wp-block-columns is-layout-flex wp-container-core-columns-layout-2 wp-block-columns-is-layout-flex\" style=\"margin-top:50px\">\n<div class=\"wp-block-column is-layout-flow wp-container-core-column-layout-3 wp-block-column-is-layout-flow\">\n<h3 class=\"wp-block-heading\" style=\"margin-top:16px\">Pigisme scientifique<\/h3>\n\n\n\n<p>Que vous teniez un blog ou que vous \u00e9ditiez un journal, je peux vous \u00e9crire un article. Vous avez juste \u00e0 pr\u00e9ciser un th\u00e8me et un format, et nous pouvons nous entretenir \u00e0 propos de l&#8217;article !<\/p>\n<\/div>\n<\/div>\n<\/div>\n\n\n\n<div class=\"wp-block-group alignfull has-ast-global-color-5-background-color has-background is-layout-constrained wp-container-core-group-layout-6 wp-block-group-is-layout-constrained\" id=\"about\" style=\"padding-top:143px;padding-bottom:144px\">\n<div class=\"wp-block-media-text has-media-on-the-right is-stacked-on-mobile is-vertically-aligned-center\"><div class=\"wp-block-media-text__content\">\n<div class=\"inherit-container-width wp-block-group is-layout-constrained wp-block-group-is-layout-constrained\" style=\"padding-right:80px\">\n<h3 class=\"wp-block-heading\" style=\"padding-right:40px\">Parce que la science est amusante, int\u00e9ressante et pratique !<\/h3>\n\n\n\n<p>Des atomes aux galaxies, en passant par les plantes et les hommes, la science cherche \u00e0 explorer tous les aspects de l&#8217;univers ! <\/p>\n\n\n\n<p>La technologie fait partie int\u00e9grante de nos vies. Bien s\u00fbr, les t\u00e9l\u00e9phones et les ordinateurs, mais aussi l&#8217;\u00e9clairage artificiel et la production du papier. La comprendre permet de mieux saisir le monde dans lequel nous vivons !<\/p>\n\n\n\n<p>Image issue de Pixabay<\/p>\n<\/div>\n<\/div><figure class=\"wp-block-media-text__media\"><img decoding=\"async\" width=\"1024\" height=\"941\" src=\"https:\/\/epistemy-wordings.net\/wp-content\/uploads\/2024\/02\/pexels-pixabay-414860-1024x941.jpg\" alt=\"\" class=\"wp-image-37 size-full\" srcset=\"https:\/\/epistemy-wordings.net\/wp-content\/uploads\/2024\/02\/pexels-pixabay-414860-1024x941.jpg 1024w, https:\/\/epistemy-wordings.net\/wp-content\/uploads\/2024\/02\/pexels-pixabay-414860-300x276.jpg 300w, https:\/\/epistemy-wordings.net\/wp-content\/uploads\/2024\/02\/pexels-pixabay-414860-768x706.jpg 768w, https:\/\/epistemy-wordings.net\/wp-content\/uploads\/2024\/02\/pexels-pixabay-414860-1536x1411.jpg 1536w, https:\/\/epistemy-wordings.net\/wp-content\/uploads\/2024\/02\/pexels-pixabay-414860-2048x1881.jpg 2048w\" sizes=\"(max-width: 1024px) 100vw, 1024px\" \/><\/figure><\/div>\n\n\n\n<h2 class=\"wp-block-heading\">Pourquoi choisir Epistemy Wordings?<\/h2>\n\n\n\n<div class=\"wp-block-columns is-layout-flex wp-container-core-columns-layout-3 wp-block-columns-is-layout-flex\" style=\"margin-top:60px\">\n<div class=\"wp-block-column is-layout-flow wp-container-core-column-layout-4 wp-block-column-is-layout-flow\">\n<figure class=\"wp-block-image size-large\"><img decoding=\"async\" src=\"https:\/\/epistemy-wordings.net\/wp-content\/themes\/astra\/inc\/assets\/images\/starter-content\/passionate.svg\" alt=\"\" class=\"wp-image-162\"\/><\/figure>\n\n\n\n<h3 class=\"wp-block-heading\" style=\"margin-top:16px\">Passion\u00e9<\/h3>\n\n\n\n<p>J&#8217;ai d\u00e9cid\u00e9 de d\u00e9vouer mon travail au partage, donc je l&#8217;accomplirai joyeusement !<\/p>\n<\/div>\n\n\n\n<div class=\"wp-block-column is-layout-flow wp-container-core-column-layout-5 wp-block-column-is-layout-flow\">\n<figure class=\"wp-block-image size-large\"><img decoding=\"async\" src=\"https:\/\/epistemy-wordings.net\/wp-content\/themes\/astra\/inc\/assets\/images\/starter-content\/professional.svg\" alt=\"\" class=\"wp-image-163\"\/><\/figure>\n\n\n\n<h3 class=\"wp-block-heading\" style=\"margin-top:16px\">Professionel<\/h3>\n\n\n\n<p>Avec un Master en physique des particules et un r\u00e9seau de quelques scientifiques, je sais o\u00f9 trouver des connaissances de confiance !<\/p>\n<\/div>\n<\/div>\n\n\n\n<div class=\"wp-block-group alignfull has-background is-layout-constrained wp-container-core-group-layout-5 wp-block-group-is-layout-constrained\" id=\"contact\" style=\"background:linear-gradient(35deg,rgb(6,0,151) 0%,rgb(130,4,255) 64%,rgb(193,15,255) 98%);padding-top:104px;padding-bottom:104px\">\n<h2 class=\"wp-block-heading has-text-align-center has-text-color\" style=\"color:#ffffff\">Obtenez un article professionnel cette semaine !<\/h2>\n\n\n\n<div class=\"wp-block-buttons alignwide is-horizontal is-content-justification-center is-layout-flex wp-container-core-buttons-layout-1 wp-block-buttons-is-layout-flex\" style=\"margin-top:50px\">\n<div class=\"wp-block-button\"><a class=\"wp-block-button__link wp-element-button\" href=\"mailto:jean-baptiste.cognee@bleuterre.fr\">Contactez-mo<\/a><\/div>\n<\/div>\n<\/div>\n<\/div>\n","protected":false},"excerpt":{"rendered":"<p>Portfolio Si vous souhaitez voir mon portfolio! CV Un CV pour me conna\u00eetre! Mon travail Pigisme scientifique Que vous teniez [&hellip;]<\/p>\n","protected":false},"author":1,"featured_media":0,"parent":0,"menu_order":0,"comment_status":"closed","ping_status":"closed","template":"","meta":{"om_disable_all_campaigns":false,"site-sidebar-layout":"default","site-content-layout":"","ast-site-content-layout":"","site-content-style":"default","site-sidebar-style":"default","ast-global-header-display":"","ast-banner-title-visibility":"","ast-main-header-display":"","ast-hfb-above-header-display":"","ast-hfb-below-header-display":"","ast-hfb-mobile-header-display":"","site-post-title":"disabled","ast-breadcrumbs-content":"","ast-featured-img":"","footer-sml-layout":"","theme-transparent-header-meta":"","adv-header-id-meta":"","stick-header-meta":"","header-above-stick-meta":"","header-main-stick-meta":"","header-below-stick-meta":"","astra-migrate-meta-layouts":"default","ast-page-background-enabled":"default","ast-page-background-meta":{"desktop":{"background-color":"var(--ast-global-color-4)","background-image":"","background-repeat":"repeat","background-position":"center center","background-size":"auto","background-attachment":"scroll","background-type":"","background-media":"","overlay-type":"","overlay-color":"","overlay-gradient":""},"tablet":{"background-color":"","background-image":"","background-repeat":"repeat","background-position":"center center","background-size":"auto","background-attachment":"scroll","background-type":"","background-media":"","overlay-type":"","overlay-color":"","overlay-gradient":""},"mobile":{"background-color":"","background-image":"","background-repeat":"repeat","background-position":"center center","background-size":"auto","background-attachment":"scroll","background-type":"","background-media":"","overlay-type":"","overlay-color":"","overlay-gradient":""}},"ast-content-background-meta":{"desktop":{"background-color":"var(--ast-global-color-5)","background-image":"","background-repeat":"repeat","background-position":"center center","background-size":"auto","background-attachment":"scroll","background-type":"","background-media":"","overlay-type":"","overlay-color":"","overlay-gradient":""},"tablet":{"background-color":"var(--ast-global-color-5)","background-image":"","background-repeat":"repeat","background-position":"center center","background-size":"auto","background-attachment":"scroll","background-type":"","background-media":"","overlay-type":"","overlay-color":"","overlay-gradient":""},"mobile":{"background-color":"var(--ast-global-color-5)","background-image":"","background-repeat":"repeat","background-position":"center center","background-size":"auto","background-attachment":"scroll","background-type":"","background-media":"","overlay-type":"","overlay-color":"","overlay-gradient":""}},"footnotes":""},"aioseo_notices":[],"_links":{"self":[{"href":"https:\/\/epistemy-wordings.net\/index.php\/wp-json\/wp\/v2\/pages\/112"}],"collection":[{"href":"https:\/\/epistemy-wordings.net\/index.php\/wp-json\/wp\/v2\/pages"}],"about":[{"href":"https:\/\/epistemy-wordings.net\/index.php\/wp-json\/wp\/v2\/types\/page"}],"author":[{"embeddable":true,"href":"https:\/\/epistemy-wordings.net\/index.php\/wp-json\/wp\/v2\/users\/1"}],"replies":[{"embeddable":true,"href":"https:\/\/epistemy-wordings.net\/index.php\/wp-json\/wp\/v2\/comments?post=112"}],"version-history":[{"count":11,"href":"https:\/\/epistemy-wordings.net\/index.php\/wp-json\/wp\/v2\/pages\/112\/revisions"}],"predecessor-version":[{"id":162,"href":"https:\/\/epistemy-wordings.net\/index.php\/wp-json\/wp\/v2\/pages\/112\/revisions\/162"}],"wp:attachment":[{"href":"https:\/\/epistemy-wordings.net\/index.php\/wp-json\/wp\/v2\/media?parent=112"}],"curies":[{"name":"wp","href":"https:\/\/api.w.org\/{rel}","templated":true}]}}